{"id":20840,"date":"2026-04-14T08:36:03","date_gmt":"2026-04-14T08:36:03","guid":{"rendered":"https:\/\/lalethermos.com\/?post_type=product&#038;p=20840"},"modified":"2026-04-14T08:45:33","modified_gmt":"2026-04-14T08:45:33","slug":"galaxy-jori-%d9%86%d8%b3%d8%ae%d8%a9","status":"publish","type":"product","link":"https:\/\/www.lalethermos.com\/tr\/urun\/galaxy-jori-%d9%86%d8%b3%d8%ae%d8%a9\/","title":{"rendered":"KAMPANYA GALAXY 1 Ltr 2+1"},"content":{"rendered":"<p>\u201cGALAXY\u201d, ola\u011fan\u00fcst\u00fc kalitesi ve muazzam renkleriyle bilinir. T\u00fcrkiye&#8217;de gururla \u00fcretilen Lale Termos, kalite, g\u00fczellik ve uzun s\u00fcreli \u0131s\u0131 korumas\u0131n\u0131 birle\u015ftirerek se\u00e7ici m\u00fc\u015fteriler i\u00e7in m\u00fckemmel bir tercih haline gelir.<\/p>\n<p>Yeni GALAXY Termos\u2019un Ana \u00d6zellikleri:<\/p>\n<ul>\n<li>Geli\u015fmi\u015f yal\u0131t\u0131m \u00f6zelli\u011fi, i\u00e7eceklerinizi saatlerce s\u0131cak ya da so\u011fuk tutar.<\/li>\n<li>G\u00fcnl\u00fck kullan\u0131m i\u00e7in ideal, evde ya da piknik ve gezilerde d\u0131\u015far\u0131da kullan\u0131m i\u00e7in m\u00fckemmeldir.<\/li>\n<li>T\u00fcm durumlar i\u00e7in pratik, g\u00fcvenli bir tasar\u0131ma ve kolayca kullan\u0131labilen bir kapa\u011fa sahiptir.<\/li>\n<li>Klasik tonlardan canl\u0131 ve do\u011fal renklere kadar geni\u015f bir renk gurubu mevcuttur.<\/li>\n<\/ul>\n<p>GALAXY termosu, her kullan\u0131mda m\u00fc\u015fteri memnuniyetini garanti eden 10 y\u0131la kadar \u00fcst\u00fcn \u0131s\u0131 korumas\u0131 sunar.<\/p>\n<p>LALE THERMOS\u2019ta detaylara \u00f6zen ve yenilik\u00e7ilik \u00f6ncelikli olarak kabul edilir. GALAXY termosu, en y\u00fcksek standartlar\u0131 kar\u015f\u0131lamak i\u00e7in tasarlanm\u0131\u015f olup, \u015f\u0131kl\u0131k ve pratikli\u011fi bir arada sunar. \u0130ster zarafet ister kalite ar\u0131yor olun, GALAXY her a\u00e7\u0131dan beklentilerinizi kar\u015f\u0131lar.<\/p>\n<p>Neden GALAXY Termosunu Se\u00e7melisiniz?<\/p>\n<ul>\n<li>Premium kalite ve uzun \u00f6m\u00fcrl\u00fc performans.<\/li>\n<li>Her ortamda, i\u00e7 mekan ya da d\u0131\u015f mekan kullan\u0131m\u0131 i\u00e7in m\u00fckemmel.<\/li>\n<li>Her zevke hitap eden renklerle \u015f\u0131k bir tasar\u0131m.<\/li>\n<\/ul>\n","protected":false},"excerpt":{"rendered":"<p>\u201cGALAXY\u201d, ola\u011fan\u00fcst\u00fc kalitesi ve muazzam renkleriyle bilinir. T\u00fcrkiye&#8217;de gururla \u00fcretilen Lale Termos, kalite, g\u00fczellik ve uzun s\u00fcreli \u0131s\u0131 korumas\u0131n\u0131 birle\u015ftirerek se\u00e7ici m\u00fc\u015fteriler i\u00e7in m\u00fckemmel bir tercih haline gelir.<\/p>\n","protected":false},"featured_media":20716,"comment_status":"open","ping_status":"closed","template":"","meta":[],"product_brand":[],"product_cat":[185],"product_tag":[],"class_list":{"0":"post-20840","1":"product","2":"type-product","3":"status-publish","4":"has-post-thumbnail","6":"product_cat-kampanya","8":"first","9":"instock","10":"taxable","11":"shipping-taxable","12":"purchasable","13":"product-type-variable"},"_links":{"self":[{"href":"https:\/\/www.lalethermos.com\/tr\/wp-json\/wp\/v2\/product\/20840","targetHints":{"allow":["GET"]}}],"collection":[{"href":"https:\/\/www.lalethermos.com\/tr\/wp-json\/wp\/v2\/product"}],"about":[{"href":"https:\/\/www.lalethermos.com\/tr\/wp-json\/wp\/v2\/types\/product"}],"replies":[{"embeddable":true,"href":"https:\/\/www.lalethermos.com\/tr\/wp-json\/wp\/v2\/comments?post=20840"}],"version-history":[{"count":2,"href":"https:\/\/www.lalethermos.com\/tr\/wp-json\/wp\/v2\/product\/20840\/revisions"}],"predecessor-version":[{"id":20885,"href":"https:\/\/www.lalethermos.com\/tr\/wp-json\/wp\/v2\/product\/20840\/revisions\/20885"}],"wp:featuredmedia":[{"embeddable":true,"href":"https:\/\/www.lalethermos.com\/tr\/wp-json\/wp\/v2\/media\/20716"}],"wp:attachment":[{"href":"https:\/\/www.lalethermos.com\/tr\/wp-json\/wp\/v2\/media?parent=20840"}],"wp:term":[{"taxonomy":"product_brand","embeddable":true,"href":"https:\/\/www.lalethermos.com\/tr\/wp-json\/wp\/v2\/product_brand?post=20840"},{"taxonomy":"product_cat","embeddable":true,"href":"https:\/\/www.lalethermos.com\/tr\/wp-json\/wp\/v2\/product_cat?post=20840"},{"taxonomy":"product_tag","embeddable":true,"href":"https:\/\/www.lalethermos.com\/tr\/wp-json\/wp\/v2\/product_tag?post=20840"}],"curies":[{"name":"wp","href":"https:\/\/api.w.org\/{rel}","templated":true}]}}