{"id":20805,"date":"2026-04-14T06:47:46","date_gmt":"2026-04-14T06:47:46","guid":{"rendered":"https:\/\/lalethermos.com\/?post_type=product&#038;p=20805"},"modified":"2026-04-14T08:34:46","modified_gmt":"2026-04-14T08:34:46","slug":"universe-swan-%d9%86%d8%b3%d8%ae%d8%a9-2","status":"publish","type":"product","link":"https:\/\/www.lalethermos.com\/tr\/urun\/universe-swan-%d9%86%d8%b3%d8%ae%d8%a9-2\/","title":{"rendered":"KAMPANYA UNIVERSE 1 Ltr 2+1"},"content":{"rendered":"<h3 data-start=\"2783\" data-end=\"2839\">UNIVERSE Termos \u2013 Sonsuz \u015e\u0131kl\u0131k, Bitmeyen S\u0131cakl\u0131k<\/h3>\n<p data-start=\"2840\" data-end=\"3144\"><strong data-start=\"2840\" data-end=\"2856\">LALE THERMOS<\/strong>\u2019un <strong data-start=\"2860\" data-end=\"2872\">UNIVERSE<\/strong> modeliyle tan\u0131\u015f\u0131n. Modern tasar\u0131m\u0131n \u00fcst\u00fcn performansla bulu\u015ftu\u011fu noktada do\u011fan bu termos, <strong data-start=\"2963\" data-end=\"2998\">T\u00fcrkiye\u2019de gururla \u00fcretilmi\u015ftir<\/strong>. Zarif g\u00f6r\u00fcn\u00fcm, y\u00fcksek kalite ve uzun s\u00fcreli \u0131s\u0131 korumas\u0131n\u0131 bir araya getirerek, tarz\u0131na ve konforuna \u00f6nem verenler i\u00e7in m\u00fckemmel bir se\u00e7imdir.<\/p>\n<p data-start=\"3146\" data-end=\"3173\"><strong data-start=\"3146\" data-end=\"3171\">\u00d6ne \u00c7\u0131kan \u00d6zellikler:<\/strong><\/p>\n<ul data-start=\"3174\" data-end=\"3505\">\n<li data-start=\"3174\" data-end=\"3255\">\n<p data-start=\"3176\" data-end=\"3255\"><strong data-start=\"3176\" data-end=\"3208\">Geli\u015fmi\u015f yal\u0131t\u0131m teknolojisi<\/strong> i\u00e7ecekleri saatlerce s\u0131cak veya so\u011fuk tutar.<\/p>\n<\/li>\n<li data-start=\"3256\" data-end=\"3316\">\n<p data-start=\"3258\" data-end=\"3316\"><strong data-start=\"3258\" data-end=\"3288\">G\u00fcnl\u00fck kullan\u0131m i\u00e7in ideal<\/strong> \u2013 evde, i\u015fte veya do\u011fada.<\/p>\n<\/li>\n<li data-start=\"3317\" data-end=\"3394\">\n<p data-start=\"3319\" data-end=\"3394\"><strong data-start=\"3319\" data-end=\"3358\">Ergonomik ve g\u00fcvenli kapak tasar\u0131m\u0131<\/strong> kolay ve g\u00fcvenli kullan\u0131m sa\u011flar.<\/p>\n<\/li>\n<li data-start=\"3395\" data-end=\"3505\">\n<p data-start=\"3397\" data-end=\"3505\"><strong data-start=\"3397\" data-end=\"3424\">Geni\u015f renk yelpazesiyle<\/strong> klasik tonlardan do\u011fadan ilham alan canl\u0131 renklere kadar bir\u00e7ok se\u00e7enek sunar.<\/p>\n<\/li>\n<\/ul>\n<p data-start=\"3507\" data-end=\"3621\"><strong data-start=\"3507\" data-end=\"3526\">UNIVERSE termos<\/strong>, <strong data-start=\"3528\" data-end=\"3574\">10 y\u0131la kadar \u00fcst\u00fcn \u0131s\u0131 koruma performans\u0131<\/strong>yla uzun \u00f6m\u00fcrl\u00fc bir kullan\u0131m garantisi sunar.<\/p>\n<p data-start=\"3623\" data-end=\"3863\"><strong data-start=\"3623\" data-end=\"3639\">LALE THERMOS<\/strong>, yenilik ve detaylara \u00f6zen g\u00f6stermeyi \u00f6n planda tutar. <strong data-start=\"3695\" data-end=\"3707\">UNIVERSE<\/strong> modeli, \u015f\u0131kl\u0131k ile i\u015flevselli\u011fi kusursuz bir \u015fekilde birle\u015ftirir. \u0130ster zarafet ister dayan\u0131kl\u0131l\u0131k ar\u0131yor olun, <strong data-start=\"3820\" data-end=\"3832\">UNIVERSE<\/strong> her ikisini bir arada sunar.<\/p>\n<p data-start=\"3865\" data-end=\"3893\"><strong data-start=\"3865\" data-end=\"3891\">Neden UNIVERSE Termos?<\/strong><\/p>\n<ul data-start=\"3894\" data-end=\"4020\">\n<li data-start=\"3894\" data-end=\"3937\">\n<p data-start=\"3896\" data-end=\"3937\">\u00dcst\u00fcn kalite ve uzun \u00f6m\u00fcrl\u00fc performans.<\/p>\n<\/li>\n<li data-start=\"3938\" data-end=\"3973\">\n<p data-start=\"3940\" data-end=\"3973\">Her ortama uygun zarif tasar\u0131m.<\/p>\n<\/li>\n<li data-start=\"3974\" data-end=\"4020\">\n<p data-start=\"3976\" data-end=\"4020\">\u015e\u0131kl\u0131k, kalite ve konforun m\u00fckemmel uyumu.<\/p>\n<\/li>\n<\/ul>\n<hr data-start=\"4022\" data-end=\"4025\" \/>\n<p data-start=\"4027\" data-end=\"4180\" data-is-last-node=\"\" data-is-only-node=\"\">\n","protected":false},"excerpt":{"rendered":"<p data-start=\"797\" data-end=\"1056\"><strong data-start=\"797\" data-end=\"813\">LALE THERMOS<\/strong>\u2019un <strong data-start=\"817\" data-end=\"829\">UNIVERSE<\/strong> modeli, T\u00fcrkiye\u2019de \u00fcretilmi\u015ftir. Modern \u015f\u0131kl\u0131\u011f\u0131 ve geli\u015fmi\u015f yal\u0131t\u0131m teknolojisini bir araya getirerek i\u00e7eceklerinizi saatlerce s\u0131cak veya so\u011fuk tutar. Dayan\u0131kl\u0131, zarif ve g\u00f6z al\u0131c\u0131 renk se\u00e7enekleriyle m\u00fckemmel bir denge sunar.<\/p>\n<p data-start=\"1063\" data-end=\"1179\" data-is-last-node=\"\" data-is-only-node=\"\">\n","protected":false},"featured_media":20809,"comment_status":"open","ping_status":"closed","template":"","meta":[],"product_brand":[],"product_cat":[185],"product_tag":[],"class_list":{"0":"post-20805","1":"product","2":"type-product","3":"status-publish","4":"has-post-thumbnail","6":"product_cat-kampanya","8":"first","9":"instock","10":"taxable","11":"shipping-taxable","12":"purchasable","13":"product-type-variable"},"_links":{"self":[{"href":"https:\/\/www.lalethermos.com\/tr\/wp-json\/wp\/v2\/product\/20805","targetHints":{"allow":["GET"]}}],"collection":[{"href":"https:\/\/www.lalethermos.com\/tr\/wp-json\/wp\/v2\/product"}],"about":[{"href":"https:\/\/www.lalethermos.com\/tr\/wp-json\/wp\/v2\/types\/product"}],"replies":[{"embeddable":true,"href":"https:\/\/www.lalethermos.com\/tr\/wp-json\/wp\/v2\/comments?post=20805"}],"version-history":[{"count":2,"href":"https:\/\/www.lalethermos.com\/tr\/wp-json\/wp\/v2\/product\/20805\/revisions"}],"predecessor-version":[{"id":20835,"href":"https:\/\/www.lalethermos.com\/tr\/wp-json\/wp\/v2\/product\/20805\/revisions\/20835"}],"wp:featuredmedia":[{"embeddable":true,"href":"https:\/\/www.lalethermos.com\/tr\/wp-json\/wp\/v2\/media\/20809"}],"wp:attachment":[{"href":"https:\/\/www.lalethermos.com\/tr\/wp-json\/wp\/v2\/media?parent=20805"}],"wp:term":[{"taxonomy":"product_brand","embeddable":true,"href":"https:\/\/www.lalethermos.com\/tr\/wp-json\/wp\/v2\/product_brand?post=20805"},{"taxonomy":"product_cat","embeddable":true,"href":"https:\/\/www.lalethermos.com\/tr\/wp-json\/wp\/v2\/product_cat?post=20805"},{"taxonomy":"product_tag","embeddable":true,"href":"https:\/\/www.lalethermos.com\/tr\/wp-json\/wp\/v2\/product_tag?post=20805"}],"curies":[{"name":"wp","href":"https:\/\/api.w.org\/{rel}","templated":true}]}}