{"id":20761,"date":"2026-04-14T05:59:14","date_gmt":"2026-04-14T05:59:14","guid":{"rendered":"https:\/\/lalethermos.com\/?post_type=product&#038;p=20761"},"modified":"2026-04-14T06:08:54","modified_gmt":"2026-04-14T06:08:54","slug":"mk-1701-10-%d9%86%d8%b3%d8%ae%d8%a9-2","status":"publish","type":"product","link":"https:\/\/www.lalethermos.com\/tr\/urun\/mk-1701-10-%d9%86%d8%b3%d8%ae%d8%a9-2\/","title":{"rendered":"MK BAHARAT SET 2+1 KAMPANYA"},"content":{"rendered":"<p data-start=\"2515\" data-end=\"2845\"><strong data-start=\"2515\" data-end=\"2584\">Baharat ve Ot Saklama Kaplar\u0131 \u2013 \u015e\u0131kl\u0131k ve Kullan\u0131\u015fl\u0131l\u0131k Bir Arada<\/strong><br data-start=\"2584\" data-end=\"2587\" \/>Mutfakta d\u00fczeni ve zarafeti bir araya getiren bu baharat ve ot saklama seti, <strong data-start=\"2664\" data-end=\"2692\">g\u00fczellik ve i\u015flevselli\u011fi<\/strong> m\u00fckemmel \u015fekilde harmanlar. Y\u00fcksek kaliteli, g\u0131da dostu ve dayan\u0131kl\u0131 malzemeden \u00fcretilmi\u015f olup k\u0131r\u0131lmaya kar\u015f\u0131 diren\u00e7lidir, g\u00fcnl\u00fck kullan\u0131ma uygundur.<\/p>\n<p data-start=\"2847\" data-end=\"3035\">Be\u015f farkl\u0131 kapasite se\u00e7ene\u011fi ile sunulur: <strong data-start=\"2889\" data-end=\"2924\">6\u2019l\u0131, 7\u2019li, 8\u2019li, 9\u2019lu ve 10\u2019lu<\/strong>. \u0130ster temel baharatlar\u0131n\u0131z\u0131, ister d\u00fcnya mutfa\u011f\u0131ndan geni\u015f bir tat koleksiyonunu saklamak i\u00e7in m\u00fckemmeldir.<\/p>\n<p data-start=\"3037\" data-end=\"3054\"><strong data-start=\"3037\" data-end=\"3052\">\u00d6zellikler:<\/strong><\/p>\n<ul data-start=\"3055\" data-end=\"3522\">\n<li data-start=\"3055\" data-end=\"3142\">\n<p data-start=\"3057\" data-end=\"3142\"><strong data-start=\"3057\" data-end=\"3086\">Tamamen \u015feffaf kavanozlar<\/strong> sayesinde kapa\u011f\u0131 a\u00e7madan i\u00e7indekileri g\u00f6rebilirsiniz.<\/p>\n<\/li>\n<li data-start=\"3143\" data-end=\"3222\">\n<p data-start=\"3145\" data-end=\"3222\"><strong data-start=\"3145\" data-end=\"3170\">S\u0131k\u0131 kapanan kapaklar<\/strong> tazeli\u011fi ve aromay\u0131 korur, nem giri\u015fini engeller.<\/p>\n<\/li>\n<li data-start=\"3223\" data-end=\"3301\">\n<p data-start=\"3225\" data-end=\"3301\"><strong data-start=\"3225\" data-end=\"3251\">Entegre \u00f6l\u00e7\u00fc ka\u015f\u0131klar\u0131<\/strong> ile tariflerinizde hassas \u00f6l\u00e7\u00fcm yapabilirsiniz.<\/p>\n<\/li>\n<li data-start=\"3302\" data-end=\"3360\">\n<p data-start=\"3304\" data-end=\"3360\"><strong data-start=\"3304\" data-end=\"3324\">Ergonomik saplar<\/strong> tek elle kolay a\u00e7ma imk\u00e2n\u0131 sunar.<\/p>\n<\/li>\n<li data-start=\"3361\" data-end=\"3466\">\n<p data-start=\"3363\" data-end=\"3466\"><strong data-start=\"3363\" data-end=\"3392\">Sa\u011flam ve \u015f\u0131k raf sistemi<\/strong> kavanozlar\u0131 d\u00fczenli tutar, tezg\u00e2h veya dolap alan\u0131ndan tasarruf sa\u011flar.<\/p>\n<\/li>\n<li data-start=\"3467\" data-end=\"3522\">\n<p data-start=\"3469\" data-end=\"3522\"><strong data-start=\"3469\" data-end=\"3487\">Modern tasar\u0131m<\/strong> her mutfak dekoruna uyum sa\u011flar.<\/p>\n<\/li>\n<\/ul>\n<p data-start=\"3524\" data-end=\"3697\">Baharat, kurutulmu\u015f ot, bakliyat, kuruyemi\u015f hatta \u015feker ve tuz saklamak i\u00e7in idealdir. D\u00fczeni, tazeli\u011fi ve esteti\u011fi bir arada isteyen mutfaklar i\u00e7in m\u00fckemmel bir se\u00e7imdir.<\/p>\n","protected":false},"excerpt":{"rendered":"<p data-start=\"2340\" data-end=\"2503\">B\u00fcy\u00fck mutfaklar veya profesyonel \u015fefler i\u00e7in en iyi se\u00e7im. 10 \u015feffaf kavanoz ile t\u00fcm baharat, ot, bakliyat hatta \u015feker ve tuzu \u015f\u0131k ve kullan\u0131\u015fl\u0131 bir tasar\u0131mda saklay\u0131n.<\/p>\n","protected":false},"featured_media":20704,"comment_status":"open","ping_status":"closed","template":"","meta":[],"product_brand":[],"product_cat":[185],"product_tag":[],"class_list":{"0":"post-20761","1":"product","2":"type-product","3":"status-publish","4":"has-post-thumbnail","6":"product_cat-kampanya","8":"first","9":"instock","10":"taxable","11":"shipping-taxable","12":"purchasable","13":"product-type-variable"},"_links":{"self":[{"href":"https:\/\/www.lalethermos.com\/tr\/wp-json\/wp\/v2\/product\/20761","targetHints":{"allow":["GET"]}}],"collection":[{"href":"https:\/\/www.lalethermos.com\/tr\/wp-json\/wp\/v2\/product"}],"about":[{"href":"https:\/\/www.lalethermos.com\/tr\/wp-json\/wp\/v2\/types\/product"}],"replies":[{"embeddable":true,"href":"https:\/\/www.lalethermos.com\/tr\/wp-json\/wp\/v2\/comments?post=20761"}],"version-history":[{"count":2,"href":"https:\/\/www.lalethermos.com\/tr\/wp-json\/wp\/v2\/product\/20761\/revisions"}],"predecessor-version":[{"id":20771,"href":"https:\/\/www.lalethermos.com\/tr\/wp-json\/wp\/v2\/product\/20761\/revisions\/20771"}],"wp:featuredmedia":[{"embeddable":true,"href":"https:\/\/www.lalethermos.com\/tr\/wp-json\/wp\/v2\/media\/20704"}],"wp:attachment":[{"href":"https:\/\/www.lalethermos.com\/tr\/wp-json\/wp\/v2\/media?parent=20761"}],"wp:term":[{"taxonomy":"product_brand","embeddable":true,"href":"https:\/\/www.lalethermos.com\/tr\/wp-json\/wp\/v2\/product_brand?post=20761"},{"taxonomy":"product_cat","embeddable":true,"href":"https:\/\/www.lalethermos.com\/tr\/wp-json\/wp\/v2\/product_cat?post=20761"},{"taxonomy":"product_tag","embeddable":true,"href":"https:\/\/www.lalethermos.com\/tr\/wp-json\/wp\/v2\/product_tag?post=20761"}],"curies":[{"name":"wp","href":"https:\/\/api.w.org\/{rel}","templated":true}]}}