{"id":20748,"date":"2026-04-14T05:55:55","date_gmt":"2026-04-14T05:55:55","guid":{"rendered":"https:\/\/lalethermos.com\/?post_type=product&#038;p=20748"},"modified":"2026-04-14T05:58:30","modified_gmt":"2026-04-14T05:58:30","slug":"mk-1703-bw-%d9%86%d8%b3%d8%ae%d8%a9","status":"publish","type":"product","link":"https:\/\/www.lalethermos.com\/tr\/urun\/mk-1703-bw-%d9%86%d8%b3%d8%ae%d8%a9\/","title":{"rendered":"MK CAKE BOX 2+1 KAMPANYA"},"content":{"rendered":"<p data-start=\"2358\" data-end=\"2795\"><strong data-start=\"2358\" data-end=\"2391\">Pasta ve Tatl\u0131 Saklama Kutusu<\/strong><br data-start=\"2391\" data-end=\"2394\" \/>Tatl\u0131 sunumunuza zarafet kat\u0131n! Tamamen \u015feffaf kapakl\u0131 bu kutu, i\u00e7erikleri her a\u00e7\u0131dan \u00e7ekici bir \u015fekilde sergiler. D\u00fcz ve geni\u015f tasar\u0131m\u0131 pasta, tart ve k\u00fc\u00e7\u00fck tatl\u0131 \u00e7e\u015fitlerine uygundur. Sa\u011flam taban\u0131, i\u00e7erikleri ta\u015f\u0131rken veya sunarken sabit tutar. G\u0131da dostu, kolay temizlenebilir malzemeden \u00fcretilmi\u015ftir. Hem koruma hem de esteti\u011fi bir arada sunarak \u00f6zel g\u00fcnler ve g\u00fcnl\u00fck kullan\u0131m i\u00e7in m\u00fckemmeldir.<\/p>\n","protected":false},"excerpt":{"rendered":"<p data-start=\"1569\" data-end=\"1834\"><strong data-start=\"1571\" data-end=\"1604\">Pasta ve Tatl\u0131 Saklama Kutusu<\/strong><br data-start=\"1604\" data-end=\"1607\" \/>Pastalar\u0131n\u0131z\u0131 ve tatl\u0131lar\u0131n\u0131z\u0131 her a\u00e7\u0131dan sergileyebilece\u011finiz tamamen \u015feffaf kapakl\u0131 bu kutu, tatl\u0131lar\u0131n\u0131z\u0131 hava ve tozdan korurken tazeliklerini ve \u015f\u0131kl\u0131klar\u0131n\u0131 muhafaza eder. Masan\u0131za veya \u00f6zel davetlerinize zarafet katar.<\/p>\n","protected":false},"featured_media":20719,"comment_status":"open","ping_status":"closed","template":"","meta":[],"product_brand":[],"product_cat":[185],"product_tag":[],"class_list":{"0":"post-20748","1":"product","2":"type-product","3":"status-publish","4":"has-post-thumbnail","6":"product_cat-kampanya","8":"first","9":"instock","10":"taxable","11":"shipping-taxable","12":"purchasable","13":"product-type-variable"},"_links":{"self":[{"href":"https:\/\/www.lalethermos.com\/tr\/wp-json\/wp\/v2\/product\/20748","targetHints":{"allow":["GET"]}}],"collection":[{"href":"https:\/\/www.lalethermos.com\/tr\/wp-json\/wp\/v2\/product"}],"about":[{"href":"https:\/\/www.lalethermos.com\/tr\/wp-json\/wp\/v2\/types\/product"}],"replies":[{"embeddable":true,"href":"https:\/\/www.lalethermos.com\/tr\/wp-json\/wp\/v2\/comments?post=20748"}],"version-history":[{"count":2,"href":"https:\/\/www.lalethermos.com\/tr\/wp-json\/wp\/v2\/product\/20748\/revisions"}],"predecessor-version":[{"id":20756,"href":"https:\/\/www.lalethermos.com\/tr\/wp-json\/wp\/v2\/product\/20748\/revisions\/20756"}],"wp:featuredmedia":[{"embeddable":true,"href":"https:\/\/www.lalethermos.com\/tr\/wp-json\/wp\/v2\/media\/20719"}],"wp:attachment":[{"href":"https:\/\/www.lalethermos.com\/tr\/wp-json\/wp\/v2\/media?parent=20748"}],"wp:term":[{"taxonomy":"product_brand","embeddable":true,"href":"https:\/\/www.lalethermos.com\/tr\/wp-json\/wp\/v2\/product_brand?post=20748"},{"taxonomy":"product_cat","embeddable":true,"href":"https:\/\/www.lalethermos.com\/tr\/wp-json\/wp\/v2\/product_cat?post=20748"},{"taxonomy":"product_tag","embeddable":true,"href":"https:\/\/www.lalethermos.com\/tr\/wp-json\/wp\/v2\/product_tag?post=20748"}],"curies":[{"name":"wp","href":"https:\/\/api.w.org\/{rel}","templated":true}]}}