{"id":20735,"date":"2026-04-13T14:30:36","date_gmt":"2026-04-13T14:30:36","guid":{"rendered":"https:\/\/lalethermos.com\/?post_type=product&#038;p=20735"},"modified":"2026-04-13T14:34:52","modified_gmt":"2026-04-13T14:34:52","slug":"mk-1702-bw-%d9%86%d8%b3%d8%ae%d8%a9-3","status":"publish","type":"product","link":"https:\/\/www.lalethermos.com\/tr\/urun\/mk-1702-bw-%d9%86%d8%b3%d8%ae%d8%a9-3\/","title":{"rendered":"MK BREAD BOX 2+1 kampanya"},"content":{"rendered":"<p data-start=\"1867\" data-end=\"2356\"><strong data-start=\"1885\" data-end=\"1922\">Ekmek ve Hamur \u0130\u015fi Saklama Kutusu<\/strong><br data-start=\"1922\" data-end=\"1925\" \/>Ekmek ve hamur i\u015flerinizin tazeli\u011fini ve lezzetini uzun s\u00fcre koruyun! Y\u00fcksek kaliteli, kolay temizlenebilir malzemelerden \u00fcretilmi\u015f modern ve kullan\u0131\u015fl\u0131 tasar\u0131m. Geni\u015f i\u00e7 hacmi sayesinde farkl\u0131 ekmek \u00e7e\u015fitleri, \u00e7\u00f6rekler ve po\u011fa\u00e7alar rahat\u00e7a s\u0131\u011far. Sa\u011flam taban\u0131 i\u00e7erikleri g\u00fcvenle ta\u015f\u0131r. Kapa\u011f\u0131n yar\u0131s\u0131 \u015feffaf, yar\u0131s\u0131 tabanla uyumlu renkte olup hem \u015f\u0131k hem de pratik kullan\u0131m sunar. G\u00fcnl\u00fck kullan\u0131m ve \u015f\u0131k sunumlar i\u00e7in idealdir.<\/p>\n<p data-start=\"2358\" data-end=\"2795\">\n","protected":false},"excerpt":{"rendered":"<p data-start=\"1256\" data-end=\"1567\"><strong data-start=\"1277\" data-end=\"1314\">Ekmek ve Hamur \u0130\u015fi Saklama Kutusu<\/strong><br data-start=\"1314\" data-end=\"1317\" \/>Ekmek ve hamur i\u015flerinizi daha uzun s\u00fcre taze tutun! Taban rengiyle uyumlu yar\u0131 renkli ve yar\u0131 \u015feffaf kapak tasar\u0131m\u0131, hem \u015f\u0131k bir g\u00f6r\u00fcn\u00fcm hem de i\u00e7indekileri kolayca g\u00f6rme imk\u00e2n\u0131 sunar. Lezzeti ve formu korurken mutfa\u011f\u0131n\u0131za zarif bir dokunu\u015f katar.<\/p>\n<p data-start=\"1569\" data-end=\"1834\">\n","protected":false},"featured_media":20707,"comment_status":"open","ping_status":"closed","template":"","meta":[],"product_brand":[],"product_cat":[185],"product_tag":[],"class_list":{"0":"post-20735","1":"product","2":"type-product","3":"status-publish","4":"has-post-thumbnail","6":"product_cat-kampanya","8":"first","9":"instock","10":"taxable","11":"shipping-taxable","12":"purchasable","13":"product-type-variable"},"_links":{"self":[{"href":"https:\/\/www.lalethermos.com\/tr\/wp-json\/wp\/v2\/product\/20735","targetHints":{"allow":["GET"]}}],"collection":[{"href":"https:\/\/www.lalethermos.com\/tr\/wp-json\/wp\/v2\/product"}],"about":[{"href":"https:\/\/www.lalethermos.com\/tr\/wp-json\/wp\/v2\/types\/product"}],"replies":[{"embeddable":true,"href":"https:\/\/www.lalethermos.com\/tr\/wp-json\/wp\/v2\/comments?post=20735"}],"version-history":[{"count":2,"href":"https:\/\/www.lalethermos.com\/tr\/wp-json\/wp\/v2\/product\/20735\/revisions"}],"predecessor-version":[{"id":20743,"href":"https:\/\/www.lalethermos.com\/tr\/wp-json\/wp\/v2\/product\/20735\/revisions\/20743"}],"wp:featuredmedia":[{"embeddable":true,"href":"https:\/\/www.lalethermos.com\/tr\/wp-json\/wp\/v2\/media\/20707"}],"wp:attachment":[{"href":"https:\/\/www.lalethermos.com\/tr\/wp-json\/wp\/v2\/media?parent=20735"}],"wp:term":[{"taxonomy":"product_brand","embeddable":true,"href":"https:\/\/www.lalethermos.com\/tr\/wp-json\/wp\/v2\/product_brand?post=20735"},{"taxonomy":"product_cat","embeddable":true,"href":"https:\/\/www.lalethermos.com\/tr\/wp-json\/wp\/v2\/product_cat?post=20735"},{"taxonomy":"product_tag","embeddable":true,"href":"https:\/\/www.lalethermos.com\/tr\/wp-json\/wp\/v2\/product_tag?post=20735"}],"curies":[{"name":"wp","href":"https:\/\/api.w.org\/{rel}","templated":true}]}}