{"id":17617,"date":"2024-09-18T07:04:37","date_gmt":"2024-09-18T07:04:37","guid":{"rendered":"https:\/\/lalethermos.com\/product\/elmas-saturn-thermos\/"},"modified":"2025-08-15T08:50:23","modified_gmt":"2025-08-15T08:50:23","slug":"elmas-saturn-thermos","status":"publish","type":"product","link":"https:\/\/www.lalethermos.com\/tr\/urun\/elmas-saturn-thermos\/","title":{"rendered":"ELMAS SATURN TERMOS"},"content":{"rendered":"<p>Lale Termos Elmas Koleksiyonu: K\u00fclt\u00fcrel K\u00f6kenlerden \u0130lham Alan Zamans\u0131z Tasar\u0131m<\/p>\n<p>Zengin k\u00fclt\u00fcrel mirastan ilham alarak, gelenek ve modernizmin m\u00fckemmel bir birle\u015fimi olan Elmas Termos Koleksiyonu&#8217;nu tan\u0131tmaktan heyecan duyuyoruz. Koleksiyon, canl\u0131 renklerde sunulan \u00e7ekici bir tasar\u0131m\u0131 sergiliyor ve her bir model, v\u00fccut ve kapakta par\u0131ldayan alt\u0131n detaylarla \u00f6ne \u00e7\u0131k\u0131yor.<\/p>\n<p>Ana \u00d6zellikler:<\/p>\n<p>\u2714\ufe0e T\u00fcrkiye\u2019de \u00dcretilmi\u015ftir: Hassasiyetle tasarlanm\u0131\u015f ve \u00fcretilmi\u015ftir.<\/p>\n<p>\u2714\ufe0e Premium Hammaddeler: Dayan\u0131kl\u0131l\u0131k ve uzun s\u00fcreli performans sa\u011flar.<\/p>\n<p>\u2714\ufe0e Asbestos \u0130\u00e7ermeyen: sa\u011fl\u0131\u011f\u0131n\u0131z i\u00e7in g\u00fcvenlidir.<\/p>\n<p>\u2714\ufe0e Y\u00fcksek Kaliteli Cam \u015ei\u015fe: M\u00fckemmel yal\u0131t\u0131m ile ideal s\u0131cakl\u0131k korumas\u0131 sa\u011flar.<\/p>\n<p>\u2714\ufe0e \u00dcst\u00fcn Is\u0131 Korumas\u0131: \u0130\u00e7eceklerinizi uzun s\u00fcre ideal s\u0131cakl\u0131kta tutar.<\/p>\n<p>\u2714\ufe0e 10 Y\u0131l Garanti: on y\u0131l boyunca \u0131s\u0131 koruma garantisi, rahatl\u0131k sa\u011flar.<\/p>\n<p>Evde ya da hareket halindeyken s\u0131cak i\u00e7ece\u011finizin keyfini Lale Termos ile \u00e7\u0131kar\u0131n<\/p>\n","protected":false},"excerpt":{"rendered":"<p>Lale Termos Elmas Koleksiyonu: K\u00fclt\u00fcrel K\u00f6kenlerden \u0130lham Alan Zamans\u0131z Tasar\u0131m<\/p>\n<p>Zengin k\u00fclt\u00fcrel mirastan ilham alarak, gelenek ve modernizmin m\u00fckemmel bir birle\u015fimi olan Elmas Termos Koleksiyonu&#8217;nu tan\u0131tmaktan heyecan duyuyoruz. Koleksiyon, canl\u0131 renklerde sunulan \u00e7ekici bir tasar\u0131m\u0131 sergiliyor ve her bir model, v\u00fccut ve kapakta par\u0131ldayan alt\u0131n detaylarla \u00f6ne \u00e7\u0131k\u0131yor.<\/p>\n","protected":false},"featured_media":18298,"comment_status":"open","ping_status":"closed","template":"","meta":[],"product_brand":[],"product_cat":[90],"product_tag":[],"class_list":{"0":"post-17617","1":"product","2":"type-product","3":"status-publish","4":"has-post-thumbnail","6":"product_cat-elmas-tr","8":"first","9":"instock","10":"taxable","11":"shipping-taxable","12":"purchasable","13":"product-type-variable"},"_links":{"self":[{"href":"https:\/\/www.lalethermos.com\/tr\/wp-json\/wp\/v2\/product\/17617","targetHints":{"allow":["GET"]}}],"collection":[{"href":"https:\/\/www.lalethermos.com\/tr\/wp-json\/wp\/v2\/product"}],"about":[{"href":"https:\/\/www.lalethermos.com\/tr\/wp-json\/wp\/v2\/types\/product"}],"replies":[{"embeddable":true,"href":"https:\/\/www.lalethermos.com\/tr\/wp-json\/wp\/v2\/comments?post=17617"}],"version-history":[{"count":1,"href":"https:\/\/www.lalethermos.com\/tr\/wp-json\/wp\/v2\/product\/17617\/revisions"}],"predecessor-version":[{"id":18588,"href":"https:\/\/www.lalethermos.com\/tr\/wp-json\/wp\/v2\/product\/17617\/revisions\/18588"}],"wp:featuredmedia":[{"embeddable":true,"href":"https:\/\/www.lalethermos.com\/tr\/wp-json\/wp\/v2\/media\/18298"}],"wp:attachment":[{"href":"https:\/\/www.lalethermos.com\/tr\/wp-json\/wp\/v2\/media?parent=17617"}],"wp:term":[{"taxonomy":"product_brand","embeddable":true,"href":"https:\/\/www.lalethermos.com\/tr\/wp-json\/wp\/v2\/product_brand?post=17617"},{"taxonomy":"product_cat","embeddable":true,"href":"https:\/\/www.lalethermos.com\/tr\/wp-json\/wp\/v2\/product_cat?post=17617"},{"taxonomy":"product_tag","embeddable":true,"href":"https:\/\/www.lalethermos.com\/tr\/wp-json\/wp\/v2\/product_tag?post=17617"}],"curies":[{"name":"wp","href":"https:\/\/api.w.org\/{rel}","templated":true}]}}