{"id":17261,"date":"2024-11-08T07:49:34","date_gmt":"2024-11-08T07:49:34","guid":{"rendered":"https:\/\/www.lalethermos.com\/mesafeli-satislar-yonetmeligi\/"},"modified":"2025-08-06T08:59:01","modified_gmt":"2025-08-06T08:59:01","slug":"mesafeli-satislar-yonetmeligi","status":"publish","type":"page","link":"https:\/\/www.lalethermos.com\/tr\/mesafeli-satislar-yonetmeligi\/","title":{"rendered":"Mesafeli Sat\u0131\u015flar Y\u00f6netmeli\u011fi"},"content":{"rendered":"\t\t<div data-elementor-type=\"wp-page\" data-elementor-id=\"17261\" class=\"elementor elementor-17261 elementor-17257\">\n\t\t\t\t<div class=\"wd-negative-gap elementor-element elementor-element-1989c0b3 e-flex e-con-boxed e-con e-parent\" data-id=\"1989c0b3\" data-element_type=\"container\" data-e-type=\"container\">\n\t\t\t\t\t<div class=\"e-con-inner\">\n\t\t\t\t<div class=\"elementor-element elementor-element-59f656cd color-scheme-inherit text-left elementor-widget elementor-widget-text-editor\" data-id=\"59f656cd\" data-element_type=\"widget\" data-e-type=\"widget\" data-widget_type=\"text-editor.default\">\n\t\t\t\t<div class=\"elementor-widget-container\">\n\t\t\t\t\t\t\t\t\t<h3 data-start=\"2785\" data-end=\"2799\">1. Giri\u015f<\/h3><br><p data-start=\"2800\" data-end=\"3144\">Bu sayfa, <strong data-start=\"2810\" data-end=\"2866\">BESAN EV GERE\u00c7LER\u0130 SANAY\u0130 VE T\u0130CARET L\u0130M\u0130TED \u015e\u0130RKET\u0130<\/strong> taraf\u0131ndan, m\u00fc\u015fterilerimizin \u00e7evrim i\u00e7i sat\u0131\u015f i\u015flemleriyle ilgili haklar\u0131n\u0131 ve y\u00fck\u00fcml\u00fcl\u00fcklerini a\u00e7\u0131klamak amac\u0131yla haz\u0131rlanm\u0131\u015ft\u0131r.<br data-start=\"2997\" data-end=\"3000\" \/>Mesafeli Sat\u0131\u015f Y\u00f6netmeli\u011fi\u2019ne uygun olarak, t\u00fcketici haklar\u0131 korunmakta ve ticari faaliyetler yasal d\u00fczenlemelere uygun \u015fekilde y\u00fcr\u00fct\u00fclmektedir.<\/p><br><br><br><hr data-start=\"3146\" data-end=\"3149\" \/><br><br><h3 data-start=\"3151\" data-end=\"3176\">2. Sat\u0131c\u0131 Bilgileri<\/h3><br><p data-start=\"3177\" data-end=\"3453\"><strong data-start=\"3177\" data-end=\"3192\">\u015eirket Ad\u0131:<\/strong> BESAN EV GERE\u00c7LER\u0130 SANAY\u0130 VE T\u0130CARET L\u0130M\u0130TED \u015e\u0130RKET\u0130<br data-start=\"3245\" data-end=\"3248\" \/><strong data-start=\"3248\" data-end=\"3258\">Adres:<\/strong> \u0130K\u0130TELL\u0130 ORGAN\u0130ZE SANAY\u0130 B\u00d6LGES\u0130 DERSANKOOP SANAY\u0130 S\u0130TES\u0130 TRIOS 2023 A BLOK NO:73 BA\u015eAK\u015eEH\u0130R \/ \u0130STANBUL<br data-start=\"3362\" data-end=\"3365\" \/><strong data-start=\"3365\" data-end=\"3377\">E-posta:<\/strong> <a class=\"cursor-pointer\" rel=\"noopener\" data-start=\"3378\" data-end=\"3398\">info@lalethermos.com<\/a><br data-start=\"3398\" data-end=\"3401\" \/><strong data-start=\"3401\" data-end=\"3431\">Vergi Dairesi ve Sicil No:<\/strong> 1660815310 BA\u015eAK\u015eEH\u0130R<\/p><br><br><br><hr data-start=\"3455\" data-end=\"3458\" \/><br><br><h3 data-start=\"3460\" data-end=\"3483\">3. \u00dcr\u00fcn Bilgileri<\/h3><br><p data-start=\"3484\" data-end=\"3816\">\u00dcr\u00fcnlerimiz, i\u00e7eceklerinizin s\u0131cakl\u0131\u011f\u0131n\u0131 koruyacak \u015fekilde tasarlanm\u0131\u015f y\u00fcksek kaliteli termal termoslar\u0131 i\u00e7ermektedir.<br data-start=\"3602\" data-end=\"3605\" \/><strong data-start=\"3605\" data-end=\"3625\">Mevcut hacimler:<\/strong> 600 ml, 1 litre ve 1.6 litre.<br data-start=\"3655\" data-end=\"3658\" \/>T\u00fcm \u00fcr\u00fcn detaylar\u0131 ve kullan\u0131m talimatlar\u0131 ilgili \u00fcr\u00fcn sayfalar\u0131nda sunulmaktad\u0131r.<br data-start=\"3740\" data-end=\"3743\" \/>Fiyatlara KDV dahildir, kargo \u00fccretleri \u00f6deme esnas\u0131nda belirtilmektedir.<\/p><br><br><br><hr data-start=\"3818\" data-end=\"3821\" \/><br><br><h3 data-start=\"3823\" data-end=\"3846\">4. S\u00f6zle\u015fme Onay\u0131<\/h3><br><p data-start=\"3847\" data-end=\"4051\">Sipari\u015f veren m\u00fc\u015fteriler, \u00f6deme i\u015flemine ge\u00e7meden \u00f6nce &#8220;Mesafeli Sat\u0131\u015f S\u00f6zle\u015fmesi&#8221;ni onaylamal\u0131d\u0131r.<br data-start=\"3946\" data-end=\"3949\" \/>Onay sonras\u0131, s\u00f6zle\u015fme m\u00fc\u015fterinin kay\u0131tl\u0131 e-posta adresine g\u00f6nderilecek ve sistemimizde saklanacakt\u0131r.<\/p><br><br><br><hr data-start=\"4053\" data-end=\"4056\" \/><br><br><h3 data-start=\"4058\" data-end=\"4084\">5. Teslimat ve Kargo<\/h3><br><p data-start=\"4085\" data-end=\"4388\">Sipari\u015fler, \u00f6deme tamamland\u0131ktan sonra 3 i\u015f g\u00fcn\u00fc i\u00e7inde kargoya teslim edilir.<br data-start=\"4163\" data-end=\"4166\" \/>Teslimat s\u00fcresi m\u00fc\u015fterinin konumuna ba\u011fl\u0131d\u0131r ve sadece T\u00fcrkiye i\u00e7indeki adreslerle s\u0131n\u0131rl\u0131d\u0131r.<br data-start=\"4260\" data-end=\"4263\" \/>Teslimat s\u0131ras\u0131nda \u00fcr\u00fcn zarar g\u00f6rm\u00fc\u015fse, m\u00fc\u015fteri paketi teslim almamal\u0131 ve kargo g\u00f6revlisinden hasar tutana\u011f\u0131 talep etmelidir.<\/p><br><br><br><hr data-start=\"4390\" data-end=\"4393\" \/><br><br><h3 data-start=\"4395\" data-end=\"4415\">6. Cayma Hakk\u0131<\/h3><br><p data-start=\"4416\" data-end=\"4738\">M\u00fc\u015fteriler, \u00fcr\u00fcn\u00fc teslim ald\u0131ktan sonra 14 g\u00fcn i\u00e7inde herhangi bir gerek\u00e7e g\u00f6stermeksizin sat\u0131n alma i\u015fleminden cayma hakk\u0131na sahiptir.<br data-start=\"4551\" data-end=\"4554\" \/>\u0130ade i\u015flemleri i\u00e7in <a class=\"cursor-pointer\" rel=\"noopener\" data-start=\"4574\" data-end=\"4594\">info@lalethermos.com<\/a> adresinden bizimle ileti\u015fime ge\u00e7ilmelidir.<br data-start=\"4637\" data-end=\"4640\" \/>Kullan\u0131lm\u0131\u015f, zarar g\u00f6rm\u00fc\u015f veya ki\u015fiye \u00f6zel hale getirilmi\u015f \u00fcr\u00fcnlerde cayma hakk\u0131 ge\u00e7erli de\u011fildir.<\/p><br><br><br><hr data-start=\"4740\" data-end=\"4743\" \/><br><br><h3 data-start=\"4745\" data-end=\"4783\">7. \u0130ade ve Geri \u00d6deme Politikas\u0131<\/h3><br><p data-start=\"4784\" data-end=\"5042\">\u0130ade edilen \u00fcr\u00fcn taraf\u0131m\u0131zca teslim al\u0131nd\u0131ktan sonra, geri \u00f6deme i\u015flemi 14 g\u00fcn i\u00e7inde ger\u00e7ekle\u015ftirilir.<br data-start=\"4887\" data-end=\"4890\" \/>\u00dcr\u00fcn kusurluysa, iade kargo \u00fccreti firmam\u0131z taraf\u0131ndan kar\u015f\u0131lanacakt\u0131r.<br data-start=\"4961\" data-end=\"4964\" \/>Geri \u00f6demeler, sat\u0131n alma s\u0131ras\u0131nda kullan\u0131lan \u00f6deme y\u00f6ntemi ile yap\u0131lacakt\u0131r.<\/p><br><br><br><hr data-start=\"5044\" data-end=\"5047\" \/><br><br><h3 data-start=\"5049\" data-end=\"5078\">8. Hukuki Uyu\u015fmazl\u0131klar<\/h3><br><p data-start=\"5079\" data-end=\"5257\">M\u00fc\u015fteriler, \u015fikayet ve uyu\u015fmazl\u0131klar\u0131n\u0131 <a class=\"cursor-pointer\" rel=\"noopener\" data-start=\"5119\" data-end=\"5139\">info@lalethermos.com<\/a> adresine iletebilir.<br data-start=\"5160\" data-end=\"5163\" \/>\u00c7\u00f6z\u00fclemeyen uyu\u015fmazl\u0131klar, T\u00fcrkiye\u2019deki T\u00fcketici Hakem Heyetleri veya Mahkemelere ta\u015f\u0131nabilir.<\/p><br><br><br><hr data-start=\"5259\" data-end=\"5262\" \/><br><br><h3 data-start=\"5264\" data-end=\"5284\">9. Veri Koruma<\/h3><br><p data-start=\"5285\" data-end=\"5439\">M\u00fc\u015fteri verileri, Ki\u015fisel Verilerin Korunmas\u0131 Kanunu (KVKK) kapsam\u0131nda korunmaktad\u0131r.<br data-start=\"5370\" data-end=\"5373\" \/>Daha fazla bilgi i\u00e7in l\u00fctfen Gizlilik Politikam\u0131z\u0131 ziyaret ediniz.<\/p><br><br><br><hr data-start=\"5441\" data-end=\"5444\" \/><br><br><h3 data-start=\"5446\" data-end=\"5486\">10. Sorumluluklar ve Y\u00fck\u00fcml\u00fcl\u00fckler<\/h3><br><p data-start=\"5487\" data-end=\"5681\">Sat\u0131c\u0131, y\u00fcr\u00fcrl\u00fckteki yasalara uygun \u015fekilde t\u00fcm sipari\u015fleri yerine getirmekle y\u00fck\u00fcml\u00fcd\u00fcr.<br data-start=\"5576\" data-end=\"5579\" \/>Al\u0131c\u0131 ise, sat\u0131n alma s\u00fcrecinde do\u011fru bilgi vermek ve \u00fcr\u00fcn\u00fc teslim al\u0131rken kontrol etmekle sorumludur.<\/p><br><br><br><hr data-start=\"5683\" data-end=\"5686\" \/><br><p data-start=\"5688\" data-end=\"5807\"><strong data-start=\"5688\" data-end=\"5807\">Bu sayfa son olarak [29.11.2024] tarihinde g\u00fcncellenmi\u015ftir. Daha fazla bilgi i\u00e7in bizimle ileti\u015fime ge\u00e7ebilirsiniz.<\/strong><\/p>\t\t\t\t\t\t\t\t<\/div>\n\t\t\t\t<\/div>\n\t\t\t\t\t<\/div>\n\t\t\t\t<\/div>\n\t\t\t\t<\/div>\n\t\t","protected":false},"excerpt":{"rendered":"<p>1. Giri\u015f Bu sayfa, BESAN EV GERE\u00c7LER\u0130 SANAY\u0130 VE T\u0130CARET L\u0130M\u0130TED \u015e\u0130RKET\u0130 taraf\u0131ndan, m\u00fc\u015fterilerimizin \u00e7evrim i\u00e7i sat\u0131\u015f i\u015flemleriyle ilgili haklar\u0131n\u0131<\/p>\n","protected":false},"author":1,"featured_media":0,"parent":0,"menu_order":0,"comment_status":"closed","ping_status":"closed","template":"","meta":{"footnotes":""},"class_list":["post-17261","page","type-page","status-publish","hentry"],"_links":{"self":[{"href":"https:\/\/www.lalethermos.com\/tr\/wp-json\/wp\/v2\/pages\/17261","targetHints":{"allow":["GET"]}}],"collection":[{"href":"https:\/\/www.lalethermos.com\/tr\/wp-json\/wp\/v2\/pages"}],"about":[{"href":"https:\/\/www.lalethermos.com\/tr\/wp-json\/wp\/v2\/types\/page"}],"author":[{"embeddable":true,"href":"https:\/\/www.lalethermos.com\/tr\/wp-json\/wp\/v2\/users\/1"}],"replies":[{"embeddable":true,"href":"https:\/\/www.lalethermos.com\/tr\/wp-json\/wp\/v2\/comments?post=17261"}],"version-history":[{"count":3,"href":"https:\/\/www.lalethermos.com\/tr\/wp-json\/wp\/v2\/pages\/17261\/revisions"}],"predecessor-version":[{"id":18198,"href":"https:\/\/www.lalethermos.com\/tr\/wp-json\/wp\/v2\/pages\/17261\/revisions\/18198"}],"wp:attachment":[{"href":"https:\/\/www.lalethermos.com\/tr\/wp-json\/wp\/v2\/media?parent=17261"}],"curies":[{"name":"wp","href":"https:\/\/api.w.org\/{rel}","templated":true}]}}