{"id":16934,"date":"2024-09-17T04:44:13","date_gmt":"2024-09-17T04:44:13","guid":{"rendered":"https:\/\/www.lalethermos.com\/para-iadesi-ve-iade-politikasi\/"},"modified":"2025-08-06T09:29:58","modified_gmt":"2025-08-06T09:29:58","slug":"para-iadesi-ve-iade-politikasi","status":"publish","type":"page","link":"https:\/\/www.lalethermos.com\/tr\/para-iadesi-ve-iade-politikasi\/","title":{"rendered":"Para \u0130adesi ve \u0130ade Politikas\u0131"},"content":{"rendered":"\n<h2 class=\"wp-block-heading\">Genel Bak\u0131\u015f<\/h2>\n\n<p>\u0130ade ve geri \u00f6deme politikam\u0131z 30 g\u00fcn s\u00fcrmektedir.<br\/>Sat\u0131n alma i\u015fleminizin \u00fczerinden 30 g\u00fcn ge\u00e7tiyse, size tam bir geri \u00f6deme veya de\u011fi\u015fim sunamay\u0131z. <\/p>\n\n<p>\u0130ade i\u00e7in uygun olabilmesi i\u00e7in, \u00fcr\u00fcn\u00fcn\u00fcz\u00fcn kullan\u0131lmam\u0131\u015f ve ald\u0131\u011f\u0131n\u0131z ayn\u0131 durumda olmas\u0131 gerekir.<br\/>Ayr\u0131ca orijinal ambalaj\u0131nda olmal\u0131d\u0131r. <\/p>\n\n<p>Baz\u0131 mal t\u00fcrleri iade edilmekten muaft\u0131r.<br\/>Yiyecek, \u00e7i\u00e7ek, gazete veya dergi gibi \u00e7abuk bozulan \u00fcr\u00fcnler iade edilemez.<br\/>Ayr\u0131ca mahrem veya s\u0131hhi \u00fcr\u00fcnler, tehlikeli maddeler veya yan\u0131c\u0131 s\u0131v\u0131lar veya gazlar i\u00e7eren \u00fcr\u00fcnleri de kabul etmiyoruz.  <\/p>\n\n<p>\u0130ade edilemeyen ek \u00fcr\u00fcnler:<\/p>\n\n<ul class=\"wp-block-list\">\n<li>Hediye kartlar\u0131<\/li>\n\n\n\n<li>\u0130ndirilebilir yaz\u0131l\u0131m \u00fcr\u00fcnleri<\/li>\n\n\n\n<li>Baz\u0131 sa\u011fl\u0131k ve ki\u015fisel bak\u0131m \u00fcr\u00fcnleri<\/li>\n<\/ul>\n\n<p>\u0130adenizi tamamlamak i\u00e7in bir makbuz veya sat\u0131n alma belgesine ihtiyac\u0131m\u0131z vard\u0131r.<\/p>\n\n<p>L\u00fctfen sat\u0131n ald\u0131\u011f\u0131n\u0131z \u00fcr\u00fcn\u00fc \u00fcreticiye geri g\u00f6ndermeyin.<\/p>\n\n<p>Yaln\u0131zca k\u0131smi geri \u00f6demelerin yap\u0131ld\u0131\u011f\u0131 belirli durumlar vard\u0131r:<\/p>\n\n<ul class=\"wp-block-list\">\n<li>Belirgin kullan\u0131m izleri olan kitap<\/li>\n\n\n\n<li>A\u00e7\u0131lm\u0131\u015f CD, DVD, VHS kaset, yaz\u0131l\u0131m, video oyunu, kaset veya vinil plak.<\/li>\n\n\n\n<li>Orijinal durumunda olmayan, bizim hatam\u0131zdan kaynaklanmayan nedenlerle hasar g\u00f6rm\u00fc\u015f veya eksik par\u00e7alar\u0131 olan herhangi bir \u00fcr\u00fcn.<\/li>\n\n\n\n<li>Teslimattan sonra 30 g\u00fcnden fazla iade edilen herhangi bir \u00fcr\u00fcn<\/li>\n<\/ul>\n\n<p><\/p><h2>Para \u0130adeleri<\/h2>\n\n<p>\u0130adeniz al\u0131n\u0131p incelendikten sonra, iade \u00fcr\u00fcn\u00fcn\u00fcz\u00fc ald\u0131\u011f\u0131m\u0131z\u0131 bildirmek i\u00e7in size bir e-posta g\u00f6nderece\u011fiz.<br\/>Ayr\u0131ca iadenizin onayland\u0131\u011f\u0131n\u0131 veya reddedildi\u011fini de size bildirece\u011fiz. <\/p>\n\n<p>Onaylanman\u0131z halinde iadeniz i\u015fleme al\u0131nacak ve belirli bir g\u00fcn i\u00e7inde kredi kart\u0131n\u0131za veya orijinal \u00f6deme y\u00f6nteminize otomatik olarak bir kredi uygulanacakt\u0131r.<\/p>\n\n<h3 class=\"wp-block-heading\">Ge\u00e7 veya eksik geri \u00f6demeler<\/h3>\n\n<p>Hen\u00fcz bir geri \u00f6deme almad\u0131ysan\u0131z, \u00f6nce banka hesab\u0131n\u0131z\u0131 tekrar kontrol edin.<\/p>\n\n<p>Ard\u0131ndan kredi kart\u0131 \u015firketinizle ileti\u015fime ge\u00e7in, iadenizin resmi olarak g\u00f6nderilmesi biraz zaman alabilir.<\/p>\n\n<p>Ard\u0131ndan bankan\u0131zla ileti\u015fime ge\u00e7in.<br\/>Para iadesi g\u00f6nderilmeden \u00f6nce genellikle bir miktar i\u015flem s\u00fcresi vard\u0131r. <\/p>\n\n<p>T\u00fcm bunlar\u0131 yapt\u0131ysan\u0131z ve hala para iadenizi almad\u0131ysan\u0131z, l\u00fctfen {e-posta adresi} adresinden bizimle ileti\u015fime ge\u00e7in.<\/p>\n\n<h3 class=\"wp-block-heading\">\u0130ndirimli \u00fcr\u00fcnler<\/h3>\n\n<p>Yaln\u0131zca normal fiyatl\u0131 \u00fcr\u00fcnler iade edilebilir.\u0130ndirimli \u00fcr\u00fcnlerin iadesi yap\u0131lamaz. <\/p>\n\n<p><\/p><h2>De\u011fi\u015fimler<\/h2>\n\n<p>\u00dcr\u00fcnleri yaln\u0131zca kusurlu veya hasarl\u0131 olmalar\u0131 durumunda de\u011fi\u015ftiriyoruz.<br\/>Ayn\u0131 \u00fcr\u00fcnle de\u011fi\u015ftirmeniz gerekiyorsa, bize {e-posta adresi} adresinden bir e-posta g\u00f6nderin ve \u00f6\u011fenizi \u015fu adrese g\u00f6nderin: {fiziksel adres} adresine g\u00f6nderin. <\/p>\n\n<p><\/p><h2>Hediyeler<\/h2>\n\n<p>\u00dcr\u00fcn sat\u0131n al\u0131nd\u0131\u011f\u0131nda hediye olarak i\u015faretlenmi\u015f ve do\u011frudan size g\u00f6nderilmi\u015fse, iadenizin de\u011feri kadar bir hediye kredisi alacaks\u0131n\u0131z.<br\/>\u0130ade edilen \u00fcr\u00fcn teslim al\u0131nd\u0131\u011f\u0131nda, size bir hediye sertifikas\u0131 postalanacakt\u0131r. <\/p>\n\n<p>\u00dcr\u00fcn sat\u0131n al\u0131nd\u0131\u011f\u0131nda hediye olarak i\u015faretlenmemi\u015fse veya hediye veren ki\u015fi sipari\u015fi daha sonra size vermek \u00fczere kendisine g\u00f6ndermi\u015fse, hediye verene para iadesi g\u00f6nderece\u011fiz ve iadenizden haberdar olacaklard\u0131r.<\/p>\n\n<p><\/p><h2>Nakliye iadeleri<\/h2>\n\n<p>\u00dcr\u00fcn\u00fcn\u00fcz\u00fc iade etmek i\u00e7in \u00fcr\u00fcn\u00fcn\u00fcz\u00fc \u015fu adrese postalaman\u0131z gerekir: {fiziksel adres}.<\/p>\n\n<p>\u00dcr\u00fcn\u00fcn\u00fcz\u00fc iade etmek i\u00e7in kendi nakliye masraflar\u0131n\u0131z\u0131 \u00f6demekten sorumlu olacaks\u0131n\u0131z.<br\/>Nakliye masraflar\u0131 iade edilmez.<br\/>Para iadesi al\u0131rsan\u0131z, iade kargo \u00fccreti para iadenizden d\u00fc\u015f\u00fclecektir.  <\/p>\n\n<p>Ya\u015fad\u0131\u011f\u0131n\u0131z yere ba\u011fl\u0131 olarak, de\u011fi\u015ftirilen \u00fcr\u00fcn\u00fcn\u00fcz\u00fcn size ula\u015fma s\u00fcresi de\u011fi\u015febilir.<\/p>\n\n<p>Daha pahal\u0131 \u00fcr\u00fcnleri iade ediyorsan\u0131z, izlenebilir bir nakliye hizmeti kullanmay\u0131 veya nakliye sigortas\u0131 sat\u0131n almay\u0131 d\u00fc\u015f\u00fcnebilirsiniz.<br\/>\u0130ade etti\u011finiz \u00fcr\u00fcn\u00fc teslim alaca\u011f\u0131m\u0131z\u0131 garanti etmiyoruz. <\/p>\n\n<p><\/p><h2>Yard\u0131ma ihtiyac\u0131n\u0131z var m\u0131?<\/h2>\n\n<p>\u0130ade ve geri \u00f6demelerle ilgili sorular\u0131n\u0131z i\u00e7in {email} adresinden bize ula\u015f\u0131n.<\/p>\n","protected":false},"excerpt":{"rendered":"<p>Genel Bak\u0131\u015f \u0130ade ve geri \u00f6deme politikam\u0131z 30 g\u00fcn s\u00fcrmektedir.Sat\u0131n alma i\u015fleminizin \u00fczerinden 30 g\u00fcn ge\u00e7tiyse, size tam bir geri<\/p>\n","protected":false},"author":1,"featured_media":0,"parent":0,"menu_order":0,"comment_status":"closed","ping_status":"closed","template":"","meta":{"footnotes":""},"class_list":["post-16934","page","type-page","status-publish","hentry"],"_links":{"self":[{"href":"https:\/\/www.lalethermos.com\/tr\/wp-json\/wp\/v2\/pages\/16934","targetHints":{"allow":["GET"]}}],"collection":[{"href":"https:\/\/www.lalethermos.com\/tr\/wp-json\/wp\/v2\/pages"}],"about":[{"href":"https:\/\/www.lalethermos.com\/tr\/wp-json\/wp\/v2\/types\/page"}],"author":[{"embeddable":true,"href":"https:\/\/www.lalethermos.com\/tr\/wp-json\/wp\/v2\/users\/1"}],"replies":[{"embeddable":true,"href":"https:\/\/www.lalethermos.com\/tr\/wp-json\/wp\/v2\/comments?post=16934"}],"version-history":[{"count":3,"href":"https:\/\/www.lalethermos.com\/tr\/wp-json\/wp\/v2\/pages\/16934\/revisions"}],"predecessor-version":[{"id":18204,"href":"https:\/\/www.lalethermos.com\/tr\/wp-json\/wp\/v2\/pages\/16934\/revisions\/18204"}],"wp:attachment":[{"href":"https:\/\/www.lalethermos.com\/tr\/wp-json\/wp\/v2\/media?parent=16934"}],"curies":[{"name":"wp","href":"https:\/\/api.w.org\/{rel}","templated":true}]}}