{"id":17259,"date":"2024-11-08T07:49:34","date_gmt":"2024-11-08T07:49:34","guid":{"rendered":"https:\/\/www.lalethermos.com\/mesafeli-satislar-yonetmeligi\/"},"modified":"2025-08-06T08:59:00","modified_gmt":"2025-08-06T08:59:00","slug":"mesafeli-satislar-yonetmeligi","status":"publish","type":"page","link":"https:\/\/www.lalethermos.com\/ar\/mesafeli-satislar-yonetmeligi\/","title":{"rendered":"\u0644\u0627\u0626\u062d\u0629 \u0627\u0644\u0645\u0628\u064a\u0639\u0627\u062a \u0639\u0646 \u0628\u0639\u062f"},"content":{"rendered":"\t\t<div data-elementor-type=\"wp-page\" data-elementor-id=\"17259\" class=\"elementor elementor-17259 elementor-17257\">\n\t\t\t\t<div class=\"wd-negative-gap elementor-element elementor-element-1989c0b3 e-flex e-con-boxed e-con e-parent\" data-id=\"1989c0b3\" data-element_type=\"container\" data-e-type=\"container\">\n\t\t\t\t\t<div class=\"e-con-inner\">\n\t\t\t\t<div class=\"elementor-element elementor-element-59f656cd color-scheme-inherit text-left elementor-widget elementor-widget-text-editor\" data-id=\"59f656cd\" data-element_type=\"widget\" data-e-type=\"widget\" data-widget_type=\"text-editor.default\">\n\t\t\t\t<div class=\"elementor-widget-container\">\n\t\t\t\t\t\t\t\t\t<h3 data-start=\"182\" data-end=\"198\">1. \u0627\u0644\u0645\u0642\u062f\u0645\u0629<\/h3><br><p data-start=\"199\" data-end=\"491\">\u062a\u0645 \u0625\u0639\u062f\u0627\u062f \u0647\u0630\u0647 \u0627\u0644\u0635\u0641\u062d\u0629 \u0645\u0646 \u0642\u0628\u0644 \u0634\u0631\u0643\u0629 <strong data-start=\"231\" data-end=\"287\">BESAN EV GERE\u00c7LER\u0130 SANAY\u0130 VE T\u0130CARET L\u0130M\u0130TED \u015e\u0130RKET\u0130<\/strong> \u0628\u0647\u062f\u0641 \u062a\u0648\u0636\u064a\u062d \u062d\u0642\u0648\u0642 \u0648\u0648\u0627\u062c\u0628\u0627\u062a \u0639\u0645\u0644\u0627\u0626\u0646\u0627 \u0627\u0644\u0645\u062a\u0639\u0644\u0642\u0629 \u0628\u0645\u0639\u0627\u0645\u0644\u0627\u062a \u0627\u0644\u0628\u064a\u0639 \u0639\u0628\u0631 \u0627\u0644\u0625\u0646\u062a\u0631\u0646\u062a.<br data-start=\"357\" data-end=\"360\" \/>\u0648\u0641\u0642\u064b\u0627 \u0644\u0644\u0627\u0626\u062d\u0629 \u062a\u0646\u0638\u064a\u0645 \u0627\u0644\u0645\u0628\u064a\u0639\u0627\u062a \u0639\u0646 \u0628\u064f\u0639\u062f\u060c \u064a\u062a\u0645 \u062d\u0645\u0627\u064a\u0629 \u062d\u0642\u0648\u0642 \u0627\u0644\u0645\u0633\u062a\u0647\u0644\u0643\u060c \u0648\u062a\u064f\u0645\u0627\u0631\u0633 \u0627\u0644\u0623\u0646\u0634\u0637\u0629 \u0627\u0644\u062a\u062c\u0627\u0631\u064a\u0629 \u0628\u0645\u0627 \u064a\u062a\u0648\u0627\u0641\u0642 \u0645\u0639 \u0627\u0644\u0644\u0648\u0627\u0626\u062d \u0627\u0644\u0642\u0627\u0646\u0648\u0646\u064a\u0629 \u0627\u0644\u0645\u0639\u0645\u0648\u0644 \u0628\u0647\u0627.<\/p><br><br><br><hr data-start=\"493\" data-end=\"496\" \/><br><br><h3 data-start=\"498\" data-end=\"521\">2. \u0645\u0639\u0644\u0648\u0645\u0627\u062a \u0627\u0644\u0628\u0627\u0626\u0639<\/h3><br><p data-start=\"522\" data-end=\"810\"><strong data-start=\"522\" data-end=\"537\">\u0627\u0633\u0645 \u0627\u0644\u0634\u0631\u0643\u0629:<\/strong> BESAN EV GERE\u00c7LER\u0130 SANAY\u0130 VE T\u0130CARET L\u0130M\u0130TED \u015e\u0130RKET\u0130<br data-start=\"590\" data-end=\"593\" \/><strong data-start=\"593\" data-end=\"605\">\u0627\u0644\u0639\u0646\u0648\u0627\u0646:<\/strong> \u0130K\u0130TELL\u0130 ORGAN\u0130ZE SANAY\u0130 B\u00d6LGES\u0130 DERSANKOOP SANAY\u0130 S\u0130TES\u0130 TRIOS 2023 A BLOK NO:73 BA\u015eAK\u015eEH\u0130R \/ \u0130STANBUL<br data-start=\"709\" data-end=\"712\" \/><strong data-start=\"712\" data-end=\"734\">\u0627\u0644\u0628\u0631\u064a\u062f \u0627\u0644\u0625\u0644\u0643\u062a\u0631\u0648\u0646\u064a:<\/strong> <a class=\"cursor-pointer\" rel=\"noopener\" data-start=\"735\" data-end=\"755\">info@lalethermos.com<\/a><br data-start=\"755\" data-end=\"758\" \/><strong data-start=\"758\" data-end=\"788\">\u0645\u0643\u062a\u0628 \u0627\u0644\u0636\u0631\u0627\u0626\u0628 \u0648\u0631\u0642\u0645 \u0627\u0644\u062a\u0633\u062c\u064a\u0644:<\/strong> 1660815310 BA\u015eAK\u015eEH\u0130R<\/p><br><br><br><hr data-start=\"812\" data-end=\"815\" \/><br><br><h3 data-start=\"817\" data-end=\"839\">3. \u062a\u0641\u0627\u0635\u064a\u0644 \u0627\u0644\u0645\u0646\u062a\u062c<\/h3><br><p data-start=\"840\" data-end=\"1126\">\u062a\u062a\u0636\u0645\u0646 \u0645\u0646\u062a\u062c\u0627\u062a\u0646\u0627 \u062a\u0631\u0627\u0645\u0633 \u062d\u0631\u0627\u0631\u064a\u0629 \u0639\u0627\u0644\u064a\u0629 \u0627\u0644\u062c\u0648\u062f\u0629 \u0645\u0635\u0645\u0645\u0629 \u0644\u0644\u062d\u0641\u0627\u0638 \u0639\u0644\u0649 \u062f\u0631\u062c\u0629 \u062d\u0631\u0627\u0631\u0629 \u0627\u0644\u0645\u0634\u0631\u0648\u0628\u0627\u062a.<br data-start=\"919\" data-end=\"922\" \/><strong data-start=\"922\" data-end=\"942\">\u0627\u0644\u0633\u0639\u0627\u062a \u0627\u0644\u0645\u062a\u0648\u0641\u0631\u0629:<\/strong> 600 \u0645\u0644\u060c 1 \u0644\u062a\u0631\u060c \u06481.6 \u0644\u062a\u0631.<br data-start=\"967\" data-end=\"970\" \/>\u064a\u062a\u0645 \u062a\u0648\u0641\u064a\u0631 \u062c\u0645\u064a\u0639 \u062a\u0641\u0627\u0635\u064a\u0644 \u0627\u0644\u0645\u0646\u062a\u062c \u0648\u062a\u0639\u0644\u064a\u0645\u0627\u062a \u0627\u0644\u0627\u0633\u062a\u062e\u062f\u0627\u0645 \u0641\u064a \u0635\u0641\u062d\u0627\u062a \u0627\u0644\u0645\u0646\u062a\u062c \u0627\u0644\u0645\u0639\u0646\u064a\u0629.<br data-start=\"1042\" data-end=\"1045\" \/>\u062a\u0634\u0645\u0644 \u0627\u0644\u0623\u0633\u0639\u0627\u0631 \u0636\u0631\u064a\u0628\u0629 \u0627\u0644\u0642\u064a\u0645\u0629 \u0627\u0644\u0645\u0636\u0627\u0641\u0629\u060c \u0648\u064a\u062a\u0645 \u0639\u0631\u0636 \u062a\u0643\u0627\u0644\u064a\u0641 \u0627\u0644\u0634\u062d\u0646 \u0623\u062b\u0646\u0627\u0621 \u0625\u062a\u0645\u0627\u0645 \u0639\u0645\u0644\u064a\u0629 \u0627\u0644\u062f\u0641\u0639.<\/p><br><br><br><hr data-start=\"1128\" data-end=\"1131\" \/><br><br><h3 data-start=\"1133\" data-end=\"1153\">4. \u062a\u0623\u0643\u064a\u062f \u0627\u0644\u0639\u0642\u062f<\/h3><br><p data-start=\"1154\" data-end=\"1339\">\u064a\u062c\u0628 \u0639\u0644\u0649 \u0627\u0644\u0639\u0645\u0644\u0627\u0621 \u0627\u0644\u0630\u064a\u0646 \u064a\u0642\u0648\u0645\u0648\u0646 \u0628\u0637\u0644\u0628 \u0634\u0631\u0627\u0621 \u0627\u0644\u0645\u0648\u0627\u0641\u0642\u0629 \u0639\u0644\u0649 &#8220;\u0639\u0642\u062f \u0627\u0644\u0628\u064a\u0639 \u0639\u0646 \u0628\u064f\u0639\u062f&#8221; \u0642\u0628\u0644 \u0625\u062a\u0645\u0627\u0645 \u0627\u0644\u062f\u0641\u0639.<br data-start=\"1242\" data-end=\"1245\" \/>\u0628\u0645\u062c\u0631\u062f \u0627\u0644\u0645\u0648\u0627\u0641\u0642\u0629\u060c \u0633\u064a\u062a\u0645 \u0625\u0631\u0633\u0627\u0644 \u0627\u0644\u0639\u0642\u062f \u0625\u0644\u0649 \u0627\u0644\u0628\u0631\u064a\u062f \u0627\u0644\u0625\u0644\u0643\u062a\u0631\u0648\u0646\u064a \u0627\u0644\u0645\u0633\u062c\u0644 \u0644\u0644\u0639\u0645\u064a\u0644\u060c \u0643\u0645\u0627 \u0633\u064a\u062a\u0645 \u062d\u0641\u0638\u0647 \u0641\u064a \u0646\u0638\u0627\u0645\u0646\u0627.<\/p><br><br><br><hr data-start=\"1341\" data-end=\"1344\" \/><br><br><h3 data-start=\"1346\" data-end=\"1369\">5. \u0627\u0644\u062a\u0633\u0644\u064a\u0645 \u0648\u0627\u0644\u0634\u062d\u0646<\/h3><br><p data-start=\"1370\" data-end=\"1610\">\u064a\u062a\u0645 \u0625\u0631\u0633\u0627\u0644 \u0627\u0644\u0637\u0644\u0628\u0627\u062a \u0625\u0644\u0649 \u0634\u0631\u0643\u0629 \u0627\u0644\u0634\u062d\u0646 \u062e\u0644\u0627\u0644 3 \u0623\u064a\u0627\u0645 \u0639\u0645\u0644 \u0628\u0639\u062f \u0625\u062a\u0645\u0627\u0645 \u0627\u0644\u062f\u0641\u0639.<br data-start=\"1435\" data-end=\"1438\" \/>\u064a\u0639\u062a\u0645\u062f \u0648\u0642\u062a \u0627\u0644\u062a\u0633\u0644\u064a\u0645 \u0639\u0644\u0649 \u0645\u0648\u0642\u0639 \u0627\u0644\u0639\u0645\u064a\u0644 \u0648\u064a\u0642\u062a\u0635\u0631 \u0639\u0644\u0649 \u0627\u0644\u0639\u0646\u0627\u0648\u064a\u0646 \u062f\u0627\u062e\u0644 \u062a\u0631\u0643\u064a\u0627.<br data-start=\"1503\" data-end=\"1506\" \/>\u0641\u064a \u062d\u0627\u0644 \u0648\u064f\u062c\u062f \u062a\u0644\u0641 \u0641\u064a \u0627\u0644\u0645\u0646\u062a\u062c \u0623\u062b\u0646\u0627\u0621 \u0627\u0644\u062a\u0633\u0644\u064a\u0645\u060c \u064a\u062c\u0628 \u0639\u0644\u0649 \u0627\u0644\u0639\u0645\u064a\u0644 \u0631\u0641\u0636 \u0627\u0633\u062a\u0644\u0627\u0645 \u0627\u0644\u0637\u0631\u062f \u0648\u0637\u0644\u0628 \u062a\u0642\u0631\u064a\u0631 \u0623\u0636\u0631\u0627\u0631 \u0645\u0646 \u0634\u0631\u0643\u0629 \u0627\u0644\u0634\u062d\u0646.<\/p><br><br><br><hr data-start=\"1612\" data-end=\"1615\" \/><br><br><h3 data-start=\"1617\" data-end=\"1636\">6. \u062d\u0642 \u0627\u0644\u0625\u0631\u062c\u0627\u0639<\/h3><br><p data-start=\"1637\" data-end=\"1872\">\u064a\u062d\u0642 \u0644\u0644\u0639\u0645\u0644\u0627\u0621 \u0625\u0644\u063a\u0627\u0621 \u0639\u0645\u0644\u064a\u0629 \u0627\u0644\u0634\u0631\u0627\u0621 \u062e\u0644\u0627\u0644 14 \u064a\u0648\u0645\u064b\u0627 \u0645\u0646 \u0627\u0633\u062a\u0644\u0627\u0645 \u0627\u0644\u0645\u0646\u062a\u062c \u062f\u0648\u0646 \u0627\u0644\u062d\u0627\u062c\u0629 \u0644\u062a\u0642\u062f\u064a\u0645 \u0645\u0628\u0631\u0631.<br data-start=\"1722\" data-end=\"1725\" \/>\u0644\u0625\u062c\u0631\u0627\u0621 \u0627\u0644\u0625\u0631\u062c\u0627\u0639\u060c \u064a\u062c\u0628 \u0639\u0644\u0649 \u0627\u0644\u0639\u0645\u064a\u0644 \u0625\u062e\u0637\u0627\u0631\u0646\u0627 \u0639\u0628\u0631 \u0627\u0644\u0628\u0631\u064a\u062f \u0627\u0644\u0625\u0644\u0643\u062a\u0631\u0648\u0646\u064a <a class=\"cursor-pointer\" rel=\"noopener\" data-start=\"1786\" data-end=\"1806\">info@lalethermos.com<\/a>.<br data-start=\"1807\" data-end=\"1810\" \/>\u0644\u0627 \u064a\u064f\u0645\u0643\u0646 \u0625\u0631\u062c\u0627\u0639 \u0627\u0644\u0645\u0646\u062a\u062c\u0627\u062a \u0627\u0644\u062a\u064a \u062a\u0645 \u0627\u0633\u062a\u062e\u062f\u0627\u0645\u0647\u0627 \u0623\u0648 \u062a\u0644\u0641\u0647\u0627 \u0623\u0648 \u062a\u062e\u0635\u064a\u0635\u0647\u0627.<\/p><br><br><br><hr data-start=\"1874\" data-end=\"1877\" \/><br><br><h3 data-start=\"1879\" data-end=\"1912\">7. \u0633\u064a\u0627\u0633\u0629 \u0627\u0644\u0625\u0631\u062c\u0627\u0639 \u0648\u0627\u0644\u0627\u0633\u062a\u0631\u062f\u0627\u062f<\/h3><br><p data-start=\"1913\" data-end=\"2113\">\u064a\u062a\u0645 \u0645\u0639\u0627\u0644\u062c\u0629 \u0627\u0644\u0627\u0633\u062a\u0631\u062f\u0627\u062f \u062e\u0644\u0627\u0644 14 \u064a\u0648\u0645\u064b\u0627 \u0628\u0639\u062f \u0627\u0633\u062a\u0644\u0627\u0645 \u0627\u0644\u0645\u0646\u062a\u062c \u0627\u0644\u0645\u0631\u062a\u062c\u0639 \u0645\u0646 \u0642\u0628\u0644\u0646\u0627.<br data-start=\"1983\" data-end=\"1986\" \/>\u0625\u0630\u0627 \u0643\u0627\u0646 \u0627\u0644\u0645\u0646\u062a\u062c \u0645\u0639\u064a\u0628\u064b\u0627\u060c \u0641\u0633\u0646\u063a\u0637\u064a \u0631\u0633\u0648\u0645 \u0634\u062d\u0646 \u0627\u0644\u0625\u0631\u062c\u0627\u0639.<br data-start=\"2033\" data-end=\"2036\" \/>\u062a\u062a\u0645 \u0639\u0645\u0644\u064a\u0627\u062a \u0627\u0644\u0627\u0633\u062a\u0631\u062f\u0627\u062f \u0628\u0627\u0633\u062a\u062e\u062f\u0627\u0645 \u0646\u0641\u0633 \u0648\u0633\u064a\u0644\u0629 \u0627\u0644\u062f\u0641\u0639 \u0627\u0644\u062a\u064a \u062a\u0645 \u0627\u0633\u062a\u062e\u062f\u0627\u0645\u0647\u0627 \u0623\u062b\u0646\u0627\u0621 \u0627\u0644\u0634\u0631\u0627\u0621.<\/p><br><br><br><hr data-start=\"2115\" data-end=\"2118\" \/><br><br><h3 data-start=\"2120\" data-end=\"2147\">8. \u0627\u0644\u0646\u0632\u0627\u0639\u0627\u062a \u0627\u0644\u0642\u0627\u0646\u0648\u0646\u064a\u0629<\/h3><br><p data-start=\"2148\" data-end=\"2291\">\u064a\u0645\u0643\u0646 \u0644\u0644\u0639\u0645\u0644\u0627\u0621 \u0625\u0631\u0633\u0627\u0644 \u0634\u0643\u0627\u0648\u0627\u0647\u0645 \u0648\u0646\u0632\u0627\u0639\u0627\u062a\u0647\u0645 \u0625\u0644\u0649 <a class=\"cursor-pointer\" rel=\"noopener\" data-start=\"2189\" data-end=\"2209\">info@lalethermos.com<\/a>.<br data-start=\"2210\" data-end=\"2213\" \/>\u0641\u064a \u062d\u0627\u0644 \u0639\u062f\u0645 \u062d\u0644 \u0627\u0644\u0646\u0632\u0627\u0639\u060c \u064a\u0645\u0643\u0646 \u062a\u0635\u0639\u064a\u062f\u0647 \u0625\u0644\u0649 \u0644\u062c\u0627\u0646 \u062a\u062d\u0643\u064a\u0645 \u0627\u0644\u0645\u0633\u062a\u0647\u0644\u0643 \u0623\u0648 \u0627\u0644\u0645\u062d\u0627\u0643\u0645 \u0641\u064a \u062a\u0631\u0643\u064a\u0627.<\/p><br><br><br><hr data-start=\"2293\" data-end=\"2296\" \/><br><br><h3 data-start=\"2298\" data-end=\"2321\">9. \u062d\u0645\u0627\u064a\u0629 \u0627\u0644\u0628\u064a\u0627\u0646\u0627\u062a<\/h3><br><p data-start=\"2322\" data-end=\"2449\">\u064a\u062a\u0645 \u062d\u0645\u0627\u064a\u0629 \u0628\u064a\u0627\u0646\u0627\u062a \u0627\u0644\u0639\u0645\u0644\u0627\u0621 \u0628\u0645\u0648\u062c\u0628 \u0642\u0627\u0646\u0648\u0646 \u062d\u0645\u0627\u064a\u0629 \u0627\u0644\u0628\u064a\u0627\u0646\u0627\u062a \u0627\u0644\u0634\u062e\u0635\u064a\u0629 (KVKK).<br data-start=\"2389\" data-end=\"2392\" \/>\u0644\u0645\u0632\u064a\u062f \u0645\u0646 \u0627\u0644\u0645\u0639\u0644\u0648\u0645\u0627\u062a\u060c \u064a\u0631\u062c\u0649 \u0632\u064a\u0627\u0631\u0629 \u0633\u064a\u0627\u0633\u0629 \u0627\u0644\u062e\u0635\u0648\u0635\u064a\u0629 \u0627\u0644\u062e\u0627\u0635\u0629 \u0628\u0646\u0627.<\/p><br><br><br><hr data-start=\"2451\" data-end=\"2454\" \/><br><br><h3 data-start=\"2456\" data-end=\"2488\">10. \u0627\u0644\u0645\u0633\u0624\u0648\u0644\u064a\u0627\u062a \u0648\u0627\u0644\u0627\u0644\u062a\u0632\u0627\u0645\u0627\u062a<\/h3><br><p data-start=\"2489\" data-end=\"2646\">\u064a\u062a\u062d\u0645\u0644 \u0627\u0644\u0628\u0627\u0626\u0639 \u0645\u0633\u0624\u0648\u0644\u064a\u0629 \u062a\u0646\u0641\u064a\u0630 \u062c\u0645\u064a\u0639 \u0627\u0644\u0637\u0644\u0628\u0627\u062a \u0648\u0641\u0642\u064b\u0627 \u0644\u0644\u0642\u0648\u0627\u0646\u064a\u0646 \u0627\u0644\u0645\u0639\u0645\u0648\u0644 \u0628\u0647\u0627.<br data-start=\"2556\" data-end=\"2559\" \/>\u0648\u064a\u062a\u062d\u0645\u0644 \u0627\u0644\u0645\u0634\u062a\u0631\u064a \u0645\u0633\u0624\u0648\u0644\u064a\u0629 \u062a\u0642\u062f\u064a\u0645 \u0645\u0639\u0644\u0648\u0645\u0627\u062a \u062f\u0642\u064a\u0642\u0629 \u0623\u062b\u0646\u0627\u0621 \u0627\u0644\u0634\u0631\u0627\u0621 \u0648\u0627\u0644\u062a\u062d\u0642\u0642 \u0645\u0646 \u0627\u0644\u0645\u0646\u062a\u062c \u0639\u0646\u062f \u0627\u0644\u0627\u0633\u062a\u0644\u0627\u0645.<\/p><br><br><br><hr data-start=\"2648\" data-end=\"2651\" \/><br><p data-start=\"2653\" data-end=\"2751\"><strong data-start=\"2653\" data-end=\"2751\">\u062a\u0645 \u062a\u062d\u062f\u064a\u062b \u0647\u0630\u0647 \u0627\u0644\u0635\u0641\u062d\u0629 \u0622\u062e\u0631 \u0645\u0631\u0629 \u0628\u062a\u0627\u0631\u064a\u062e [29.11.2024]. \u0644\u0645\u0632\u064a\u062f \u0645\u0646 \u0627\u0644\u0645\u0639\u0644\u0648\u0645\u0627\u062a\u060c \u0644\u0627 \u062a\u062a\u0631\u062f\u062f \u0641\u064a \u0627\u0644\u062a\u0648\u0627\u0635\u0644 \u0645\u0639\u0646\u0627.<\/strong><\/p>\t\t\t\t\t\t\t\t<\/div>\n\t\t\t\t<\/div>\n\t\t\t\t\t<\/div>\n\t\t\t\t<\/div>\n\t\t\t\t<\/div>\n\t\t","protected":false},"excerpt":{"rendered":"<p>1. \u0627\u0644\u0645\u0642\u062f\u0645\u0629 \u062a\u0645 \u0625\u0639\u062f\u0627\u062f \u0647\u0630\u0647 \u0627\u0644\u0635\u0641\u062d\u0629 \u0645\u0646 \u0642\u0628\u0644 \u0634\u0631\u0643\u0629 BESAN EV GERE\u00c7LER\u0130 SANAY\u0130 VE T\u0130CARET L\u0130M\u0130TED \u015e\u0130RKET\u0130 \u0628\u0647\u062f\u0641 \u062a\u0648\u0636\u064a\u062d \u062d\u0642\u0648\u0642<\/p>\n","protected":false},"author":1,"featured_media":0,"parent":0,"menu_order":0,"comment_status":"closed","ping_status":"closed","template":"","meta":{"footnotes":""},"class_list":["post-17259","page","type-page","status-publish","hentry"],"_links":{"self":[{"href":"https:\/\/www.lalethermos.com\/ar\/wp-json\/wp\/v2\/pages\/17259","targetHints":{"allow":["GET"]}}],"collection":[{"href":"https:\/\/www.lalethermos.com\/ar\/wp-json\/wp\/v2\/pages"}],"about":[{"href":"https:\/\/www.lalethermos.com\/ar\/wp-json\/wp\/v2\/types\/page"}],"author":[{"embeddable":true,"href":"https:\/\/www.lalethermos.com\/ar\/wp-json\/wp\/v2\/users\/1"}],"replies":[{"embeddable":true,"href":"https:\/\/www.lalethermos.com\/ar\/wp-json\/wp\/v2\/comments?post=17259"}],"version-history":[{"count":3,"href":"https:\/\/www.lalethermos.com\/ar\/wp-json\/wp\/v2\/pages\/17259\/revisions"}],"predecessor-version":[{"id":18197,"href":"https:\/\/www.lalethermos.com\/ar\/wp-json\/wp\/v2\/pages\/17259\/revisions\/18197"}],"wp:attachment":[{"href":"https:\/\/www.lalethermos.com\/ar\/wp-json\/wp\/v2\/media?parent=17259"}],"curies":[{"name":"wp","href":"https:\/\/api.w.org\/{rel}","templated":true}]}}